{"id":12947,"date":"2025-01-27T11:21:09","date_gmt":"2025-01-27T11:21:09","guid":{"rendered":"https:\/\/unicasproductions.com\/normas-de-accesibilidad\/"},"modified":"2025-02-25T08:49:46","modified_gmt":"2025-02-25T08:49:46","slug":"normas-de-accesibilidad","status":"publish","type":"page","link":"https:\/\/unicasproductions.com\/es\/normas-de-accesibilidad\/","title":{"rendered":"Normas de accesibilidad"},"content":{"rendered":"\t\t<div data-elementor-type=\"wp-page\" data-elementor-id=\"12947\" class=\"elementor elementor-12947 elementor-9342\" data-elementor-post-type=\"page\">\n\t\t\t\t\t\t<section class=\"elementor-section elementor-top-section elementor-element elementor-element-1f43343e elementor-section-boxed elementor-section-height-default elementor-section-height-default\" data-id=\"1f43343e\" data-element_type=\"section\" data-e-type=\"section\">\n\t\t\t\t\t\t<div class=\"elementor-container elementor-column-gap-default\">\n\t\t\t\t\t<div class=\"elementor-column elementor-col-100 elementor-top-column elementor-element elementor-element-6894c7e1\" data-id=\"6894c7e1\" data-element_type=\"column\" data-e-type=\"column\">\n\t\t\t<div class=\"elementor-widget-wrap elementor-element-populated\">\n\t\t\t\t\t\t<div class=\"elementor-element elementor-element-6d799e9f elementor-widget elementor-widget-text-editor\" data-id=\"6d799e9f\" data-element_type=\"widget\" data-e-type=\"widget\" data-widget_type=\"text-editor.default\">\n\t\t\t\t<div class=\"elementor-widget-container\">\n\t\t\t\t\t\t\t\t\t<h2 style=\"text-align: left;\">Pol\u00edtica de Accesibilidad<\/h2><h5 style=\"text-align: left;\">Actualizado el 01\/06\/2024<\/h5><p style=\"text-align: left;\">En Un\u00edcas Producciones siempre nos esforzamos por proporcionar contenido accesible a todos los usuarios del sitio web, independientemente de la tecnolog\u00eda utilizada. Trabajamos para actualizar e implementar las pautas de accesibilidad seg\u00fan los principios del est\u00e1ndar de accesibilidad. El sitio cumple con los requisitos de accesibilidad nivel 2 (AA) del est\u00e1ndar W.C.A.G 2 y est\u00e1 optimizado para los navegadores principales.<\/p><p style=\"text-align: left;\">El sitio es accesible a trav\u00e9s de UA USER ACCESSIBILITY y es compatible con las principales tecnolog\u00edas de asistencia. El men\u00fa de accesibilidad ofrece varias opciones. Para aprender m\u00e1s sobre su uso, presione F1 en el teclado.<\/p><p style=\"text-align: left;\">Debido a circunstancias fuera de nuestro control, puede haber casos donde no podamos proporcionar informaci\u00f3n de manera accesible o porque ciertas partes del sitio a\u00fan no son accesibles. Monitorearemos estos casos para proporcionar la soluci\u00f3n tecnol\u00f3gica adecuada.<\/p><p style=\"text-align: left;\">Si tiene dificultades para acceder al contenido o alguna funcionalidad de nuestro sitio, cont\u00e1ctenos a trav\u00e9s del formulario de contacto o con nuestro coordinador de accesibilidad.<\/p><p style=\"text-align: left;\">**Coordinador de Accesibilidad**<\/p><p style=\"text-align: left;\">*Nombre:* Efi Shimoni<br \/>*Email:* office@unicasproductions.com<br \/>Tel\u00e9fono: +972-54-2221006<\/p><p style=\"text-align: left;\">Para ayudarnos a resolver cualquier problema, recomendamos incluir:<\/p><p style=\"text-align: left;\">1. Descripci\u00f3n del problema<br \/>2. Acci\u00f3n que intent\u00f3 realizar<br \/>3. P\u00e1gina visitada<br \/>4. Tipo y versi\u00f3n del navegador<br \/>5. Sistema operativo<br \/>6. Tecnolog\u00eda de asistencia utilizada (si aplica)<\/p><p style=\"text-align: left;\">***Servicios de Accesibilidad:***<\/p><p style=\"text-align: left;\">[Contin\u00faa con la misma estructura para el resto de las secciones sobre estacionamiento, ascensores, \u00e1rea de espera, ba\u00f1os e informaci\u00f3n accesible]<\/p><p style=\"text-align: left;\">Informaci\u00f3n adicional importante:<\/p><p style=\"text-align: left;\">Nos complace ayudar en todo lo necesario para brindarle un servicio justo y digno, como lo hacemos con todos nuestros clientes.<\/p>\t\t\t\t\t\t\t\t<\/div>\n\t\t\t\t<\/div>\n\t\t\t\t\t<\/div>\n\t\t<\/div>\n\t\t\t\t\t<\/div>\n\t\t<\/section>\n\t\t\t\t<\/div>\n\t\t","protected":false},"excerpt":{"rendered":"<p>Pol\u00edtica de Accesibilidad<\/p>\n","protected":false},"author":2,"featured_media":0,"parent":0,"menu_order":0,"comment_status":"closed","ping_status":"closed","template":"","meta":{"footnotes":"","_links_to":"","_links_to_target":""},"class_list":["post-12947","page","type-page","status-publish","hentry"],"yoast_head":"<!-- This site is optimized with the Yoast SEO plugin v27.3 - https:\/\/yoast.com\/product\/yoast-seo-wordpress\/ -->\n<title>Normas de accesibilidad | Unicas Production<\/title>\n<meta name=\"robots\" content=\"index, follow, max-snippet:-1, max-image-preview:large, max-video-preview:-1\" \/>\n<link rel=\"canonical\" href=\"https:\/\/unicasproductions.com\/es\/normas-de-accesibilidad\/\" \/>\n<meta property=\"og:locale\" content=\"es_ES\" \/>\n<meta property=\"og:type\" content=\"article\" \/>\n<meta property=\"og:title\" content=\"Normas de accesibilidad | Unicas Production\" \/>\n<meta property=\"og:description\" content=\"Pol\u00edtica de Accesibilidad\" \/>\n<meta property=\"og:url\" content=\"https:\/\/unicasproductions.com\/es\/normas-de-accesibilidad\/\" \/>\n<meta property=\"og:site_name\" content=\"Unicas Production\" \/>\n<meta property=\"article:publisher\" content=\"https:\/\/www.facebook.com\/UnicasEvents\" \/>\n<meta property=\"article:modified_time\" content=\"2025-02-25T08:49:46+00:00\" \/>\n<meta property=\"og:image\" content=\"https:\/\/unicasproductions.com\/wp-content\/uploads\/2020\/09\/logocolor-e1687090528638.png\" \/>\n\t<meta property=\"og:image:width\" content=\"1105\" \/>\n\t<meta property=\"og:image:height\" content=\"774\" \/>\n\t<meta property=\"og:image:type\" content=\"image\/png\" \/>\n<meta name=\"twitter:card\" content=\"summary_large_image\" \/>\n<meta name=\"twitter:label1\" content=\"Tiempo de lectura\" \/>\n\t<meta name=\"twitter:data1\" content=\"2 minutos\" \/>\n<script type=\"application\/ld+json\" class=\"yoast-schema-graph\">{\"@context\":\"https:\\\/\\\/schema.org\",\"@graph\":[{\"@type\":\"WebPage\",\"@id\":\"https:\\\/\\\/unicasproductions.com\\\/es\\\/normas-de-accesibilidad\\\/\",\"url\":\"https:\\\/\\\/unicasproductions.com\\\/es\\\/normas-de-accesibilidad\\\/\",\"name\":\"Normas de accesibilidad | Unicas Production\",\"isPartOf\":{\"@id\":\"https:\\\/\\\/unicasproductions.com\\\/es\\\/#website\"},\"datePublished\":\"2025-01-27T11:21:09+00:00\",\"dateModified\":\"2025-02-25T08:49:46+00:00\",\"breadcrumb\":{\"@id\":\"https:\\\/\\\/unicasproductions.com\\\/es\\\/normas-de-accesibilidad\\\/#breadcrumb\"},\"inLanguage\":\"es\",\"potentialAction\":[{\"@type\":\"ReadAction\",\"target\":[\"https:\\\/\\\/unicasproductions.com\\\/es\\\/normas-de-accesibilidad\\\/\"]}]},{\"@type\":\"BreadcrumbList\",\"@id\":\"https:\\\/\\\/unicasproductions.com\\\/es\\\/normas-de-accesibilidad\\\/#breadcrumb\",\"itemListElement\":[{\"@type\":\"ListItem\",\"position\":1,\"name\":\"\u05e8\u05d0\u05e9\u05d9\",\"item\":\"https:\\\/\\\/unicasproductions.com\\\/es\\\/\"},{\"@type\":\"ListItem\",\"position\":2,\"name\":\"Normas de accesibilidad\"}]},{\"@type\":\"WebSite\",\"@id\":\"https:\\\/\\\/unicasproductions.com\\\/es\\\/#website\",\"url\":\"https:\\\/\\\/unicasproductions.com\\\/es\\\/\",\"name\":\"Unicas Production\",\"description\":\"Creative agency portfolio website\",\"publisher\":{\"@id\":\"https:\\\/\\\/unicasproductions.com\\\/es\\\/#organization\"},\"potentialAction\":[{\"@type\":\"SearchAction\",\"target\":{\"@type\":\"EntryPoint\",\"urlTemplate\":\"https:\\\/\\\/unicasproductions.com\\\/es\\\/?s={search_term_string}\"},\"query-input\":{\"@type\":\"PropertyValueSpecification\",\"valueRequired\":true,\"valueName\":\"search_term_string\"}}],\"inLanguage\":\"es\"},{\"@type\":\"Organization\",\"@id\":\"https:\\\/\\\/unicasproductions.com\\\/es\\\/#organization\",\"name\":\"\u05d0\u05d5\u05e0\u05d9\u05e7\u05e1 \u05d4\u05e4\u05e7\u05d5\u05ea\",\"url\":\"https:\\\/\\\/unicasproductions.com\\\/es\\\/\",\"logo\":{\"@type\":\"ImageObject\",\"inLanguage\":\"es\",\"@id\":\"https:\\\/\\\/unicasproductions.com\\\/es\\\/#\\\/schema\\\/logo\\\/image\\\/\",\"url\":\"https:\\\/\\\/unicasproductions.com\\\/wp-content\\\/uploads\\\/2020\\\/09\\\/logocolor.png\",\"contentUrl\":\"https:\\\/\\\/unicasproductions.com\\\/wp-content\\\/uploads\\\/2020\\\/09\\\/logocolor.png\",\"width\":1200,\"height\":773,\"caption\":\"\u05d0\u05d5\u05e0\u05d9\u05e7\u05e1 \u05d4\u05e4\u05e7\u05d5\u05ea\"},\"image\":{\"@id\":\"https:\\\/\\\/unicasproductions.com\\\/es\\\/#\\\/schema\\\/logo\\\/image\\\/\"},\"sameAs\":[\"https:\\\/\\\/www.facebook.com\\\/UnicasEvents\",\"https:\\\/\\\/www.instagram.com\\\/unicas_productions\\\/\",\"https:\\\/\\\/www.linkedin.com\\\/company\\\/33210455\\\/admin\\\/\",\"https:\\\/\\\/www.pinterest.com\\\/k482gre\\\/_created\\\/\",\"https:\\\/\\\/www.youtube.com\\\/channel\\\/UC9YlieNLufS63ZNNpy5DwBw\"]}]}<\/script>\n<!-- \/ Yoast SEO plugin. -->","yoast_head_json":{"title":"Normas de accesibilidad | Unicas Production","robots":{"index":"index","follow":"follow","max-snippet":"max-snippet:-1","max-image-preview":"max-image-preview:large","max-video-preview":"max-video-preview:-1"},"canonical":"https:\/\/unicasproductions.com\/es\/normas-de-accesibilidad\/","og_locale":"es_ES","og_type":"article","og_title":"Normas de accesibilidad | Unicas Production","og_description":"Pol\u00edtica de Accesibilidad","og_url":"https:\/\/unicasproductions.com\/es\/normas-de-accesibilidad\/","og_site_name":"Unicas Production","article_publisher":"https:\/\/www.facebook.com\/UnicasEvents","article_modified_time":"2025-02-25T08:49:46+00:00","og_image":[{"width":1105,"height":774,"url":"https:\/\/unicasproductions.com\/wp-content\/uploads\/2020\/09\/logocolor-e1687090528638.png","type":"image\/png"}],"twitter_card":"summary_large_image","twitter_misc":{"Tiempo de lectura":"2 minutos"},"schema":{"@context":"https:\/\/schema.org","@graph":[{"@type":"WebPage","@id":"https:\/\/unicasproductions.com\/es\/normas-de-accesibilidad\/","url":"https:\/\/unicasproductions.com\/es\/normas-de-accesibilidad\/","name":"Normas de accesibilidad | Unicas Production","isPartOf":{"@id":"https:\/\/unicasproductions.com\/es\/#website"},"datePublished":"2025-01-27T11:21:09+00:00","dateModified":"2025-02-25T08:49:46+00:00","breadcrumb":{"@id":"https:\/\/unicasproductions.com\/es\/normas-de-accesibilidad\/#breadcrumb"},"inLanguage":"es","potentialAction":[{"@type":"ReadAction","target":["https:\/\/unicasproductions.com\/es\/normas-de-accesibilidad\/"]}]},{"@type":"BreadcrumbList","@id":"https:\/\/unicasproductions.com\/es\/normas-de-accesibilidad\/#breadcrumb","itemListElement":[{"@type":"ListItem","position":1,"name":"\u05e8\u05d0\u05e9\u05d9","item":"https:\/\/unicasproductions.com\/es\/"},{"@type":"ListItem","position":2,"name":"Normas de accesibilidad"}]},{"@type":"WebSite","@id":"https:\/\/unicasproductions.com\/es\/#website","url":"https:\/\/unicasproductions.com\/es\/","name":"Unicas Production","description":"Creative agency portfolio website","publisher":{"@id":"https:\/\/unicasproductions.com\/es\/#organization"},"potentialAction":[{"@type":"SearchAction","target":{"@type":"EntryPoint","urlTemplate":"https:\/\/unicasproductions.com\/es\/?s={search_term_string}"},"query-input":{"@type":"PropertyValueSpecification","valueRequired":true,"valueName":"search_term_string"}}],"inLanguage":"es"},{"@type":"Organization","@id":"https:\/\/unicasproductions.com\/es\/#organization","name":"\u05d0\u05d5\u05e0\u05d9\u05e7\u05e1 \u05d4\u05e4\u05e7\u05d5\u05ea","url":"https:\/\/unicasproductions.com\/es\/","logo":{"@type":"ImageObject","inLanguage":"es","@id":"https:\/\/unicasproductions.com\/es\/#\/schema\/logo\/image\/","url":"https:\/\/unicasproductions.com\/wp-content\/uploads\/2020\/09\/logocolor.png","contentUrl":"https:\/\/unicasproductions.com\/wp-content\/uploads\/2020\/09\/logocolor.png","width":1200,"height":773,"caption":"\u05d0\u05d5\u05e0\u05d9\u05e7\u05e1 \u05d4\u05e4\u05e7\u05d5\u05ea"},"image":{"@id":"https:\/\/unicasproductions.com\/es\/#\/schema\/logo\/image\/"},"sameAs":["https:\/\/www.facebook.com\/UnicasEvents","https:\/\/www.instagram.com\/unicas_productions\/","https:\/\/www.linkedin.com\/company\/33210455\/admin\/","https:\/\/www.pinterest.com\/k482gre\/_created\/","https:\/\/www.youtube.com\/channel\/UC9YlieNLufS63ZNNpy5DwBw"]}]}},"_links":{"self":[{"href":"https:\/\/unicasproductions.com\/es\/wp-json\/wp\/v2\/pages\/12947","targetHints":{"allow":["GET"]}}],"collection":[{"href":"https:\/\/unicasproductions.com\/es\/wp-json\/wp\/v2\/pages"}],"about":[{"href":"https:\/\/unicasproductions.com\/es\/wp-json\/wp\/v2\/types\/page"}],"author":[{"embeddable":true,"href":"https:\/\/unicasproductions.com\/es\/wp-json\/wp\/v2\/users\/2"}],"replies":[{"embeddable":true,"href":"https:\/\/unicasproductions.com\/es\/wp-json\/wp\/v2\/comments?post=12947"}],"version-history":[{"count":52,"href":"https:\/\/unicasproductions.com\/es\/wp-json\/wp\/v2\/pages\/12947\/revisions"}],"predecessor-version":[{"id":13861,"href":"https:\/\/unicasproductions.com\/es\/wp-json\/wp\/v2\/pages\/12947\/revisions\/13861"}],"wp:attachment":[{"href":"https:\/\/unicasproductions.com\/es\/wp-json\/wp\/v2\/media?parent=12947"}],"curies":[{"name":"wp","href":"https:\/\/api.w.org\/{rel}","templated":true}]}}