{"id":12299,"date":"2025-01-16T04:41:11","date_gmt":"2025-01-16T04:41:11","guid":{"rendered":"https:\/\/unicasproductions.com\/terminos-y-condiciones\/"},"modified":"2025-02-25T12:40:40","modified_gmt":"2025-02-25T12:40:40","slug":"terminos-y-condiciones","status":"publish","type":"page","link":"https:\/\/unicasproductions.com\/es\/terminos-y-condiciones\/","title":{"rendered":"T\u00e9rminos y condiciones"},"content":{"rendered":"\t\t<div data-elementor-type=\"wp-page\" data-elementor-id=\"12299\" class=\"elementor elementor-12299 elementor-10481\" data-elementor-post-type=\"page\">\n\t\t\t\t\t\t<section class=\"elementor-section elementor-top-section elementor-element elementor-element-1f43343e elementor-section-boxed elementor-section-height-default elementor-section-height-default\" data-id=\"1f43343e\" data-element_type=\"section\" data-e-type=\"section\">\n\t\t\t\t\t\t<div class=\"elementor-container elementor-column-gap-default\">\n\t\t\t\t\t<div class=\"elementor-column elementor-col-100 elementor-top-column elementor-element elementor-element-6894c7e1\" data-id=\"6894c7e1\" data-element_type=\"column\" data-e-type=\"column\">\n\t\t\t<div class=\"elementor-widget-wrap elementor-element-populated\">\n\t\t\t\t\t\t<div class=\"elementor-element elementor-element-6d799e9f elementor-widget elementor-widget-text-editor\" data-id=\"6d799e9f\" data-element_type=\"widget\" data-e-type=\"widget\" data-widget_type=\"text-editor.default\">\n\t\t\t\t<div class=\"elementor-widget-container\">\n\t\t\t\t\t\t\t\t\t<h2>Introducci\u00f3n<\/h2><p>Bienvenido al sitio web de Unicas Productions (en adelante: \u00abel Sitio\u00bb) operado por Unicas Productions, ID comercial 314535543, ubicado en 4 Derech HaHoresh, Yehud-Monosson (en adelante: \u00abAdministraci\u00f3n del Sitio\u00bb y\/o \u00abla Compa\u00f1\u00eda\u00bb). Cualquier uso del Sitio constituye la aceptaci\u00f3n de estos t\u00e9rminos y condiciones, incluidos todos los t\u00e9rminos y limitaciones aqu\u00ed contenidos.<\/p><p>Los t\u00e9rminos pueden cambiar de vez en cuando, y los usuarios deben revisarlos cada vez que visiten el Sitio. Navegar por el Sitio y\/o usarlo de cualquier manera constituye la aceptaci\u00f3n de los t\u00e9rminos y condiciones y el compromiso de actuar en consecuencia. Se aclara que estos t\u00e9rminos constituyen un acuerdo legalmente vinculante en todos los aspectos y vinculan al usuario en todos sus usos del Sitio.<\/p><p>\u25cf El uso de lenguaje masculino en estos t\u00e9rminos es s\u00f3lo para conveniencia y los t\u00e9rminos se aplican por igual a todos los g\u00e9neros.<\/p><p>\u25cf Los servicios prestados a trav\u00e9s del Sitio est\u00e1n sujetos a las condiciones detalladas en estos t\u00e9rminos.<\/p><p>\u25cf El simple hecho de solicitar servicios en el Sitio constituye una declaraci\u00f3n por parte del cliente de que ha le\u00eddo, comprendido y aceptado estas condiciones. Las condiciones constituyen un contrato vinculante entre el usuario y la Administraci\u00f3n del Sitio.<\/p><p><strong>Servicios<\/strong><\/p><p>\u25cf El Sitio permite la visualizaci\u00f3n del portafolio de \u201cUnicas Productions\u201d e incluye contenido de blog relacionado con la actividad.<br \/>\u25cf Los servicios se pueden solicitar contactando a la Gerencia del Sitio, sujeto a disponibilidad y ubicaci\u00f3n geogr\u00e1fica.<br \/>\u25cf El pago de los servicios se realizar\u00e1 luego de la firma mutua de un contrato de servicio, lo cual no se puede realizar en el Sitio.<br \/>\u25cf Los precios de los servicios no incluyen IVA, sujetos a las leyes impositivas para \u201cSociedades An\u00f3nimas\u201d.<br \/>\u25cf La Gerencia del Sitio se reserva el derecho de discontinuar sus servicios en cualquier momento.<br \/>\u25cf El Sitio est\u00e1 abierto para el uso de cualquier persona.<\/p><p><strong>Disponibilidad y ubicaci\u00f3n regional<\/strong><\/p><p>\u25cf La disponibilidad del servicio est\u00e1 sujeta a la fecha acordada con la Gerencia del sitio.<\/p><p>\u25cf Para cualquier pregunta o consulta sobre los servicios, puede llamar al representante de la oficina al 054-6659660.<\/p><p><strong>Responsabilidad y Servicio<\/strong><\/p><p>\u25cf Los servicios se proporcionar\u00e1n de acuerdo con los paquetes de servicios ofrecidos por la Administraci\u00f3n del sitio despu\u00e9s de firmar un acuerdo por separado.<\/p><p>\u25cf La duraci\u00f3n del servicio es la establecida de antemano.<\/p><p>\u25cf La Administraci\u00f3n del sitio no es responsable de da\u00f1os f\u00edsicos, financieros o de cualquier otro tipo causados \u200b\u200bdurante el servicio o como resultado del uso de los productos.<\/p><p>\u25cf La Administraci\u00f3n del sitio no asume ninguna responsabilidad por el contenido escrito en el sitio o por su uso y sus consecuencias.<\/p><p><strong>Seguridad y privacidad de la informaci\u00f3n<\/strong><\/p><p>\u25cf La Administraci\u00f3n del Sitio, as\u00ed como las empresas asociadas y subcontratistas adicionales que operan en nombre de la Administraci\u00f3n de la Compa\u00f1\u00eda con los mismos est\u00e1ndares, pueden usar la informaci\u00f3n que aparece en el formulario para proporcionarle la informaci\u00f3n y los servicios solicitados. Esta informaci\u00f3n personal no se divulgar\u00e1 ni se utilizar\u00e1 para fines de marketing adicionales sin permiso y no se transferir\u00e1 a un tercero sin la aprobaci\u00f3n expl\u00edcita del cliente.<\/p><p>\u25cf El contenido del servicio y la divulgaci\u00f3n de informaci\u00f3n personal durante el servicio nunca se divulgar\u00e1n a otra persona o entidad sin el permiso por escrito del cliente. La Administraci\u00f3n del Sitio est\u00e1 comprometida con su privacidad y esta privacidad es nuestra m\u00e1xima prioridad.<\/p><p>\u25cf La Compa\u00f1\u00eda se compromete a no hacer uso p\u00fablico de la informaci\u00f3n que le proporcionen los clientes.<\/p><p>\u25cf Al hacer clic en el bot\u00f3n \u00abEnviar\u00bb, confirmo mi firma en el formulario y sus t\u00e9rminos.<\/p><p>\u25cf El Sitio est\u00e1 protegido mediante medidas de seguridad avanzadas destinadas a garantizar el uso adecuado y la navegaci\u00f3n segura del Sitio, as\u00ed como a proteger la privacidad del usuario. Cualquier persona que utilice el Sitio y sus servicios se compromete a no realizar ninguna actividad que pueda interrumpir el funcionamiento del Sitio, robar informaci\u00f3n de los usuarios o vulnerar los mecanismos de seguridad del Sitio.<\/p><p>\u25cf En caso de uso indebido, la Administraci\u00f3n del Sitio actuar\u00e1 contra cualquier actividad por cualquier medio legal a su alcance, incluido el bloqueo del acceso al Sitio por parte del usuario y la adopci\u00f3n de medidas legales contra el usuario si act\u00faa de acuerdo con lo indicado.<\/p><p><strong>Propiedad intelectual<\/strong><\/p><p>\u25cf Todos los derechos de propiedad intelectual de este Sitio, incluidos los derechos de autor, derechos de distribuci\u00f3n, secretos comerciales, marcas comerciales y toda propiedad intelectual de cualquier tipo, tanto en lo que respecta al dise\u00f1o y la p\u00e1gina del Sitio como al contenido que aparece en \u00e9l, son propiedad exclusiva de la Administraci\u00f3n del Sitio.<\/p><p>\u25cf Ninguna informaci\u00f3n del Sitio y\/o acerca del Sitio puede copiarse, duplicarse, distribuirse, publicarse o usarse de ninguna otra manera, a menos que se cuente con el consentimiento previo por escrito de la Administraci\u00f3n del Sitio.<\/p><p><strong>Ley y Jurisdicci\u00f3n<\/strong><\/p><p>\u25cf La interpretaci\u00f3n y ejecuci\u00f3n de estos t\u00e9rminos y\/o cualquier acci\u00f3n o disputa que surja de ellos se realizar\u00e1 de conformidad con la ley israel\u00ed \u00fanicamente, y el tribunal competente en Tel Aviv tendr\u00e1 jurisdicci\u00f3n exclusiva.<\/p><p><strong>Contacto<\/strong><\/p><p>\u25cf Para cualquier pregunta o consulta, puede comunicarse con la Administraci\u00f3n del Sitio al +972-54-6659660 o por correo electr\u00f3nico a <a href=\"mailto:office@unicasproductions.com\">office@unicasproductions.com<\/a> durante el horario de funcionamiento del Sitio.<\/p>\t\t\t\t\t\t\t\t<\/div>\n\t\t\t\t<\/div>\n\t\t\t\t\t<\/div>\n\t\t<\/div>\n\t\t\t\t\t<\/div>\n\t\t<\/section>\n\t\t\t\t<\/div>\n\t\t","protected":false},"excerpt":{"rendered":"<p>T\u00e9rminos y condiciones del sitio web<\/p>\n","protected":false},"author":2,"featured_media":0,"parent":0,"menu_order":0,"comment_status":"closed","ping_status":"closed","template":"","meta":{"footnotes":"","_links_to":"","_links_to_target":""},"class_list":["post-12299","page","type-page","status-publish","hentry"],"yoast_head":"<!-- This site is optimized with the Yoast SEO plugin v27.3 - https:\/\/yoast.com\/product\/yoast-seo-wordpress\/ -->\n<title>T\u00e9rminos y condiciones | Unicas Production<\/title>\n<meta name=\"robots\" content=\"index, follow, max-snippet:-1, max-image-preview:large, max-video-preview:-1\" \/>\n<link rel=\"canonical\" href=\"https:\/\/unicasproductions.com\/es\/terminos-y-condiciones\/\" \/>\n<meta property=\"og:locale\" content=\"es_ES\" \/>\n<meta property=\"og:type\" content=\"article\" \/>\n<meta property=\"og:title\" content=\"T\u00e9rminos y condiciones | Unicas Production\" \/>\n<meta property=\"og:description\" content=\"T\u00e9rminos y condiciones del sitio web\" \/>\n<meta property=\"og:url\" content=\"https:\/\/unicasproductions.com\/es\/terminos-y-condiciones\/\" \/>\n<meta property=\"og:site_name\" content=\"Unicas Production\" \/>\n<meta property=\"article:publisher\" content=\"https:\/\/www.facebook.com\/UnicasEvents\" \/>\n<meta property=\"article:modified_time\" content=\"2025-02-25T12:40:40+00:00\" \/>\n<meta property=\"og:image\" content=\"https:\/\/unicasproductions.com\/wp-content\/uploads\/2020\/09\/logocolor-e1687090528638.png\" \/>\n\t<meta property=\"og:image:width\" content=\"1105\" \/>\n\t<meta property=\"og:image:height\" content=\"774\" \/>\n\t<meta property=\"og:image:type\" content=\"image\/png\" \/>\n<meta name=\"twitter:card\" content=\"summary_large_image\" \/>\n<meta name=\"twitter:label1\" content=\"Tiempo de lectura\" \/>\n\t<meta name=\"twitter:data1\" content=\"5 minutos\" \/>\n<script type=\"application\/ld+json\" class=\"yoast-schema-graph\">{\"@context\":\"https:\\\/\\\/schema.org\",\"@graph\":[{\"@type\":\"WebPage\",\"@id\":\"https:\\\/\\\/unicasproductions.com\\\/es\\\/terminos-y-condiciones\\\/\",\"url\":\"https:\\\/\\\/unicasproductions.com\\\/es\\\/terminos-y-condiciones\\\/\",\"name\":\"T\u00e9rminos y condiciones | Unicas Production\",\"isPartOf\":{\"@id\":\"https:\\\/\\\/unicasproductions.com\\\/es\\\/#website\"},\"datePublished\":\"2025-01-16T04:41:11+00:00\",\"dateModified\":\"2025-02-25T12:40:40+00:00\",\"breadcrumb\":{\"@id\":\"https:\\\/\\\/unicasproductions.com\\\/es\\\/terminos-y-condiciones\\\/#breadcrumb\"},\"inLanguage\":\"es\",\"potentialAction\":[{\"@type\":\"ReadAction\",\"target\":[\"https:\\\/\\\/unicasproductions.com\\\/es\\\/terminos-y-condiciones\\\/\"]}]},{\"@type\":\"BreadcrumbList\",\"@id\":\"https:\\\/\\\/unicasproductions.com\\\/es\\\/terminos-y-condiciones\\\/#breadcrumb\",\"itemListElement\":[{\"@type\":\"ListItem\",\"position\":1,\"name\":\"\u05e8\u05d0\u05e9\u05d9\",\"item\":\"https:\\\/\\\/unicasproductions.com\\\/es\\\/\"},{\"@type\":\"ListItem\",\"position\":2,\"name\":\"T\u00e9rminos y condiciones\"}]},{\"@type\":\"WebSite\",\"@id\":\"https:\\\/\\\/unicasproductions.com\\\/es\\\/#website\",\"url\":\"https:\\\/\\\/unicasproductions.com\\\/es\\\/\",\"name\":\"Unicas Production\",\"description\":\"Creative agency portfolio website\",\"publisher\":{\"@id\":\"https:\\\/\\\/unicasproductions.com\\\/es\\\/#organization\"},\"potentialAction\":[{\"@type\":\"SearchAction\",\"target\":{\"@type\":\"EntryPoint\",\"urlTemplate\":\"https:\\\/\\\/unicasproductions.com\\\/es\\\/?s={search_term_string}\"},\"query-input\":{\"@type\":\"PropertyValueSpecification\",\"valueRequired\":true,\"valueName\":\"search_term_string\"}}],\"inLanguage\":\"es\"},{\"@type\":\"Organization\",\"@id\":\"https:\\\/\\\/unicasproductions.com\\\/es\\\/#organization\",\"name\":\"\u05d0\u05d5\u05e0\u05d9\u05e7\u05e1 \u05d4\u05e4\u05e7\u05d5\u05ea\",\"url\":\"https:\\\/\\\/unicasproductions.com\\\/es\\\/\",\"logo\":{\"@type\":\"ImageObject\",\"inLanguage\":\"es\",\"@id\":\"https:\\\/\\\/unicasproductions.com\\\/es\\\/#\\\/schema\\\/logo\\\/image\\\/\",\"url\":\"https:\\\/\\\/unicasproductions.com\\\/wp-content\\\/uploads\\\/2020\\\/09\\\/logocolor.png\",\"contentUrl\":\"https:\\\/\\\/unicasproductions.com\\\/wp-content\\\/uploads\\\/2020\\\/09\\\/logocolor.png\",\"width\":1200,\"height\":773,\"caption\":\"\u05d0\u05d5\u05e0\u05d9\u05e7\u05e1 \u05d4\u05e4\u05e7\u05d5\u05ea\"},\"image\":{\"@id\":\"https:\\\/\\\/unicasproductions.com\\\/es\\\/#\\\/schema\\\/logo\\\/image\\\/\"},\"sameAs\":[\"https:\\\/\\\/www.facebook.com\\\/UnicasEvents\",\"https:\\\/\\\/www.instagram.com\\\/unicas_productions\\\/\",\"https:\\\/\\\/www.linkedin.com\\\/company\\\/33210455\\\/admin\\\/\",\"https:\\\/\\\/www.pinterest.com\\\/k482gre\\\/_created\\\/\",\"https:\\\/\\\/www.youtube.com\\\/channel\\\/UC9YlieNLufS63ZNNpy5DwBw\"]}]}<\/script>\n<!-- \/ Yoast SEO plugin. -->","yoast_head_json":{"title":"T\u00e9rminos y condiciones | Unicas Production","robots":{"index":"index","follow":"follow","max-snippet":"max-snippet:-1","max-image-preview":"max-image-preview:large","max-video-preview":"max-video-preview:-1"},"canonical":"https:\/\/unicasproductions.com\/es\/terminos-y-condiciones\/","og_locale":"es_ES","og_type":"article","og_title":"T\u00e9rminos y condiciones | Unicas Production","og_description":"T\u00e9rminos y condiciones del sitio web","og_url":"https:\/\/unicasproductions.com\/es\/terminos-y-condiciones\/","og_site_name":"Unicas Production","article_publisher":"https:\/\/www.facebook.com\/UnicasEvents","article_modified_time":"2025-02-25T12:40:40+00:00","og_image":[{"width":1105,"height":774,"url":"https:\/\/unicasproductions.com\/wp-content\/uploads\/2020\/09\/logocolor-e1687090528638.png","type":"image\/png"}],"twitter_card":"summary_large_image","twitter_misc":{"Tiempo de lectura":"5 minutos"},"schema":{"@context":"https:\/\/schema.org","@graph":[{"@type":"WebPage","@id":"https:\/\/unicasproductions.com\/es\/terminos-y-condiciones\/","url":"https:\/\/unicasproductions.com\/es\/terminos-y-condiciones\/","name":"T\u00e9rminos y condiciones | Unicas Production","isPartOf":{"@id":"https:\/\/unicasproductions.com\/es\/#website"},"datePublished":"2025-01-16T04:41:11+00:00","dateModified":"2025-02-25T12:40:40+00:00","breadcrumb":{"@id":"https:\/\/unicasproductions.com\/es\/terminos-y-condiciones\/#breadcrumb"},"inLanguage":"es","potentialAction":[{"@type":"ReadAction","target":["https:\/\/unicasproductions.com\/es\/terminos-y-condiciones\/"]}]},{"@type":"BreadcrumbList","@id":"https:\/\/unicasproductions.com\/es\/terminos-y-condiciones\/#breadcrumb","itemListElement":[{"@type":"ListItem","position":1,"name":"\u05e8\u05d0\u05e9\u05d9","item":"https:\/\/unicasproductions.com\/es\/"},{"@type":"ListItem","position":2,"name":"T\u00e9rminos y condiciones"}]},{"@type":"WebSite","@id":"https:\/\/unicasproductions.com\/es\/#website","url":"https:\/\/unicasproductions.com\/es\/","name":"Unicas Production","description":"Creative agency portfolio website","publisher":{"@id":"https:\/\/unicasproductions.com\/es\/#organization"},"potentialAction":[{"@type":"SearchAction","target":{"@type":"EntryPoint","urlTemplate":"https:\/\/unicasproductions.com\/es\/?s={search_term_string}"},"query-input":{"@type":"PropertyValueSpecification","valueRequired":true,"valueName":"search_term_string"}}],"inLanguage":"es"},{"@type":"Organization","@id":"https:\/\/unicasproductions.com\/es\/#organization","name":"\u05d0\u05d5\u05e0\u05d9\u05e7\u05e1 \u05d4\u05e4\u05e7\u05d5\u05ea","url":"https:\/\/unicasproductions.com\/es\/","logo":{"@type":"ImageObject","inLanguage":"es","@id":"https:\/\/unicasproductions.com\/es\/#\/schema\/logo\/image\/","url":"https:\/\/unicasproductions.com\/wp-content\/uploads\/2020\/09\/logocolor.png","contentUrl":"https:\/\/unicasproductions.com\/wp-content\/uploads\/2020\/09\/logocolor.png","width":1200,"height":773,"caption":"\u05d0\u05d5\u05e0\u05d9\u05e7\u05e1 \u05d4\u05e4\u05e7\u05d5\u05ea"},"image":{"@id":"https:\/\/unicasproductions.com\/es\/#\/schema\/logo\/image\/"},"sameAs":["https:\/\/www.facebook.com\/UnicasEvents","https:\/\/www.instagram.com\/unicas_productions\/","https:\/\/www.linkedin.com\/company\/33210455\/admin\/","https:\/\/www.pinterest.com\/k482gre\/_created\/","https:\/\/www.youtube.com\/channel\/UC9YlieNLufS63ZNNpy5DwBw"]}]}},"_links":{"self":[{"href":"https:\/\/unicasproductions.com\/es\/wp-json\/wp\/v2\/pages\/12299","targetHints":{"allow":["GET"]}}],"collection":[{"href":"https:\/\/unicasproductions.com\/es\/wp-json\/wp\/v2\/pages"}],"about":[{"href":"https:\/\/unicasproductions.com\/es\/wp-json\/wp\/v2\/types\/page"}],"author":[{"embeddable":true,"href":"https:\/\/unicasproductions.com\/es\/wp-json\/wp\/v2\/users\/2"}],"replies":[{"embeddable":true,"href":"https:\/\/unicasproductions.com\/es\/wp-json\/wp\/v2\/comments?post=12299"}],"version-history":[{"count":31,"href":"https:\/\/unicasproductions.com\/es\/wp-json\/wp\/v2\/pages\/12299\/revisions"}],"predecessor-version":[{"id":13888,"href":"https:\/\/unicasproductions.com\/es\/wp-json\/wp\/v2\/pages\/12299\/revisions\/13888"}],"wp:attachment":[{"href":"https:\/\/unicasproductions.com\/es\/wp-json\/wp\/v2\/media?parent=12299"}],"curies":[{"name":"wp","href":"https:\/\/api.w.org\/{rel}","templated":true}]}}